{"id":2087,"date":"2024-03-04T09:01:25","date_gmt":"2024-03-04T09:01:25","guid":{"rendered":"https:\/\/ahumadaconstrucciones.es\/?page_id=2087"},"modified":"2024-03-04T09:24:29","modified_gmt":"2024-03-04T09:24:29","slug":"aviso-legal","status":"publish","type":"page","link":"https:\/\/ahumadaconstrucciones.es\/en\/aviso-legal\/","title":{"rendered":"AVISO LEGAL"},"content":{"rendered":"<h3 class=\"wp-block-heading\">1. Titularidad<\/h3>\n\n\n\n<p><a href=\"https:\/\/ahumadaconstrucciones.es\/en\/\">ahumadaconstrucciones.es<\/a> es un dominio en Internet propiedad de AHUMADA CONSTRUCCIONES Y REHABILITACI\u00d3N, SL con NIF:\u00a0<strong>B72217516<\/strong>, con domicilio en Carretera de Trebujena, 2,1,11540 Sanl\u00facar de Barrameda (C\u00e1diz), en adelante el Titular.<\/p>\n\n\n\n<p>AHUMADA CONSTRUCCIONES Y REHABILITACI\u00d3N, SL, es una entidad especializada en el sector de la construcci\u00f3n.<\/p>\n\n\n\n<h3 class=\"wp-block-heading\">2. Condiciones Generales de Usos<\/h3>\n\n\n\n<p>Al acceder al Sitio Web el Usuario declara que acepta el presente Aviso Legal con todas sus condiciones de uso. En todo caso, este Aviso Legal tiene car\u00e1cter obligatorio y vinculante; cualquier persona que no acepte sus condiciones deber\u00e1 abstenerse de utilizar el Sitio Web y\/o los servicios promocionados por el Titular, a trav\u00e9s del mismo. Estas condiciones no crean ning\u00fan contrato de sociedad, de mandato, de franquicia, o relaci\u00f3n laboral entre el Titular y los Usuarios.<\/p>\n\n\n\n<p>El presente Aviso Legal regula el uso de este Sitio Web, el cual pone el Titular a disposici\u00f3n de las personas que accedan con el fin de proporcionarles informaci\u00f3n sobre servicios propios y facilitarles el acceso a los mismos.<\/p>\n\n\n\n<h3 class=\"wp-block-heading\">3. Normas aplicables<\/h3>\n\n\n\n<p>El presente Aviso Legal est\u00e1 sujeto a lo dispuesto en la Ley Org\u00e1nica 3\/2018, de Protecci\u00f3n de Datos Personales y garant\u00eda de los derechos digitales, de 5 de diciembre de 2018 (LOPDGDD), Reglamento UE 2016\/679 del Parlamento Europeo y del Consejo de 27 de abril de 2016 relativo a la protecci\u00f3n de las personas f\u00edsicas en lo que respecta al tratamiento de datos personales y a la libre circulaci\u00f3n de estos datos y por el que se deroga la Directiva 95\/46\/CE (Reglamento General de Protecci\u00f3n de Datos), la Ley 34\/2002 de 11 de julio, de Servicios de la Sociedad de la Informaci\u00f3n y de Comercio Electr\u00f3nico, el Real Decreto-ley 13\/2012, de 30 de marzo, por el que se transponen directivas en materia de mercados interiores de electricidad y gas y en materia de comunicaciones electr\u00f3nicas, y por el que se adoptan medidas para la correcci\u00f3n de las desviaciones por desajustes entre los costes e ingresos de los sectores el\u00e9ctrico y gasista, as\u00ed como cualquier normativa posterior que las modifican o desarrollan.<\/p>\n\n\n\n<p>Tanto el acceso al Sitio Web propiedad del Titular como el uso que pueda hacerse de la informaci\u00f3n y contenidos incluidos en el mismo, ser\u00e1 de la exclusiva responsabilidad de quien lo realice. Las condiciones de acceso al Sitio Web estar\u00e1n supeditadas a la legalidad vigente y los principios de la buena fe y uso l\u00edcito por parte del Usuario de la misma, quedando prohibido con car\u00e1cter general cualquier tipo de actuaci\u00f3n en perjuicio del Titular. Se considerar\u00e1 terminantemente prohibido el uso del Sitio Web con fines ilegales o no autorizados.<\/p>\n\n\n\n<h3 class=\"wp-block-heading\">4. Modificaci\u00f3n de las condiciones de uso<\/h3>\n\n\n\n<p>El Titular se reserva el derecho de modificar, en cualquier momento, la presentaci\u00f3n y configuraci\u00f3n del Sitio Web, as\u00ed como el presente Aviso Legal. Por ello, El Titular recomienda al Usuario leerlas atentamente cada vez que acceda al Sitio Web. Siempre dispondr\u00e1 del Aviso Legal en un sitio visible, libremente accesible para cuantas consultas quiera realizar.<\/p>\n\n\n\n<h3 class=\"wp-block-heading\">5. Descripci\u00f3n de los servicios<\/h3>\n\n\n\n<p><a href=\"https:\/\/ahumadaconstrucciones.es\/en\/\">ahumadaconstrucciones.es<\/a> es el Sitio Web del Titular y sirve de herramientas de informaci\u00f3n sobre los servicios y productos ofrecidos.<\/p>\n\n\n\n<h3 class=\"wp-block-heading\">6. Terminaci\u00f3n<\/h3>\n\n\n\n<p>El Titular se reserva el derecho de interrumpir o cancelar el Sitio Web o cualquiera de los servicios en el mismo, en cualquier momento y sin previo aviso, por motivos t\u00e9cnicos o de cualquier otra \u00edndole, pudiendo as\u00ed mismo modificar unilateralmente tanto las condiciones de acceso, como la totalidad o parte de los contenidos en \u00e9l incluidos todo ello sin perjuicio de los derechos adquiridos en dicho momento.<\/p>\n\n\n\n<h3 class=\"wp-block-heading\">7.&nbsp; Responsabilidades<\/h3>\n\n\n\n<p>Los enlaces contenidos en el Sitio Web pueden dirigir a Sitios Web de terceros. El Titular no asume ninguna responsabilidad por el contenido, informaciones o servicios que pudieran aparecer en dichos sitios, que tendr\u00e1n exclusivamente car\u00e1cter informativo y que en ning\u00fan caso implican relaci\u00f3n alguna entre el Titular y las personas o entidades titulares de tales contenidos o titulares de los sitios donde se encuentren.<\/p>\n\n\n\n<p>El Titular no se hace responsable bajo ning\u00fan concepto por ning\u00fan tipo de da\u00f1o que pudiesen ocasionar los Usuarios al presente Sitio Web, o a cualquier otra, por el uso ilegal o indebido de la misma, o de los contenidos e informaciones accesibles o facilitadas a trav\u00e9s de ella.<\/p>\n\n\n\n<p>El Titular no ser\u00e1 responsable de las infracciones realizadas por usuarios de su Web que afecten a terceros.<\/p>\n\n\n\n<p>El Titular no garantiza la fiabilidad, la disponibilidad ni la continuidad de su Sitio Web ni de los Servicios, por lo que la utilizaci\u00f3n de los mismos por parte del usuario se lleva a cabo por su propia cuenta y riesgo, sin que, en ning\u00fan momento, puedan exigirse responsabilidades por ello al Titular.<\/p>\n\n\n\n<p>El Titular no ser\u00e1 responsable en caso de que existan interrupciones de los servicios, demoras, mal funcionamiento del mismo y, en general, dem\u00e1s inconvenientes que tengan su origen en causas que escapan del control del Titular, y\/o debida a una actuaci\u00f3n dolosa o culposa del usuario y\/o tenga por origen causas de caso fortuito o fuerza mayor. Sin perjuicio de lo establecido en el art\u00edculo 1105 del C\u00f3digo Civil, se entender\u00e1n incluidos en el concepto de fuerza mayor, adem\u00e1s, y a los efectos del presente Aviso Legal, todos aquellos acontecimientos acaecidos fuera del control del Titular, tales como: fallo de terceros, operadores o compa\u00f1\u00edas de servicios, actos de Gobierno, falta de acceso a redes de terceros, actos u omisiones de las Autoridades P\u00fablicas, aquellos otros producidos como consecuencia de fen\u00f3menos naturales, cortes de suministro, etc. y el ataque de hackers o terceros especializados en la seguridad o integridad del sistema inform\u00e1tico, siempre que el Titular, haya adoptado las medidas de seguridad razonables de acuerdo con el estado de la t\u00e9cnica. En cualquier caso, sea cual fuere su causa, el Titular no asumir\u00e1 responsabilidad alguna ya sea por da\u00f1os directos o indirectos, da\u00f1o emergente y\/o por lucro cesante.<\/p>\n\n\n\n<p>El Titular tratar\u00e1 en la medida de lo posible de actualizar y rectificar aquella informaci\u00f3n alojada en su Sitio Web que no cumpla con las m\u00ednimas garant\u00edas de veracidad. No obstante, informa que puede existir cualquier tipo de error sin intencionalidad y siendo el Usuario libre de contrastar el contenido.<\/p>\n\n\n\n<p>El Titular no podr\u00e1 ser considerado responsable del uso del presente Sitio Web por personas ajenas o referencias que pudieran existir en sitios ajenos.<\/p>\n\n\n\n<h3 class=\"wp-block-heading\">8. Indemnizaci\u00f3n<\/h3>\n\n\n\n<p>Los Usuarios mantendr\u00e1n al Titular indemne por cualquier reclamaci\u00f3n o demanda de terceros relacionada con las actividades promovidas dentro del Sitio Web o por el incumplimiento del Aviso Legal y dem\u00e1s pol\u00edticas que se entienden incorporadas al presente documento, o por la violaci\u00f3n de cualesquiera leyes o derechos de terceros.<\/p>\n\n\n\n<h3 class=\"wp-block-heading\">9. Nulidad e ineficacia de las Cl\u00e1usulas<\/h3>\n\n\n\n<p>Si cualquier cl\u00e1usula incluida en este Aviso Legal o del resto de texto legales e informativos del Sitio Web fuese declarada, total o parcialmente, nula o ineficaz, tal nulidad o ineficacia afectar\u00e1 tan s\u00f3lo a dicha disposici\u00f3n o a la parte de la misma que resulte nula o ineficaz, subsistiendo el resto de condiciones establecidas en todo lo dem\u00e1s, teni\u00e9ndose tal disposici\u00f3n, o la parte de la misma que resultase afectada, por no incluida.<\/p>\n\n\n\n<h3 class=\"wp-block-heading\">10. Notificaciones<\/h3>\n\n\n\n<p>Todas las notificaciones, requerimientos, peticiones y otras comunicaciones que hayan de efectuarse por las partes en relaci\u00f3n con el presente Aviso Legal o resto de textos legales e informativos, deber\u00e1n realizarse por escrito y se entender\u00e1 que han sido debidamente realizadas cuando hayan sido entregadas en mano o bien remitidas por correo ordinario al domicilio de la otra parte o al correo electr\u00f3nico de \u00e9sta, o bien a cualquier otro domicilio o correo electr\u00f3nico que a estos efectos cada parte pueda indicar a la otra.<\/p>\n\n\n\n<h3 class=\"wp-block-heading\">11. Propiedad Intelectual e Industrial<\/h3>\n\n\n\n<p>Los derechos de propiedad intelectual de este Sitio Web, su c\u00f3digo fuente, dise\u00f1o, estructuras de navegaci\u00f3n y los distintos elementos en ella contenidos son titularidad exclusiva del Titular a quien corresponde el ejercicio de los derechos de explotaci\u00f3n de los mismos en cualquier forma y, en especial, los derechos de reproducci\u00f3n, distribuci\u00f3n, comunicaci\u00f3n p\u00fablica y transformaci\u00f3n, de acuerdo con la legislaci\u00f3n espa\u00f1ola y de la Uni\u00f3n Europea aplicable.<\/p>\n\n\n\n<p>Queda totalmente prohibida la reproducci\u00f3n total o parcial de los contenidos de este Sitio Web sin consentimiento expreso y por escrito por parte del Titular, a excepci\u00f3n de la empresa creadora de la misma. La utilizaci\u00f3n no autorizada de estos contenidos por cualquier otra persona o empresa dar\u00e1 lugar a las responsabilidades legalmente establecidas.<\/p>\n\n\n\n<p>El Titular comercializar\u00e1 los productos con las Marcas Registradas y con los distintivos comerciales que sus proveedores indiquen. \u00c9stos son los propietarios leg\u00edtimos de las Marcas Registradas y del material promocional que puedan poner a disposici\u00f3n para la promoci\u00f3n del producto y conceden al Titular la autorizaci\u00f3n necesaria para el uso de los mismos sin considerarse en ning\u00fan caso una cesi\u00f3n de su propiedad, siendo el proveedor el responsable exclusivo de cualquier demanda interpuesta por terceros en relaci\u00f3n al uso de la Marca Comercial, eximiendo al Titular cualquier responsabilidad sobre los derechos de propiedad intelectual.<\/p>\n\n\n\n<p>Queda prohibida cualquier modalidad de explotaci\u00f3n, incluyendo todo tipo de reproducci\u00f3n, distribuci\u00f3n, cesi\u00f3n a terceros, comunicaci\u00f3n p\u00fablica y transformaci\u00f3n, mediante cualquier tipo de soporte y medio, de las obras antes referidas, creaciones y signos distintivos sin autorizaci\u00f3n previa y expresa de sus respectivos titulares. El incumplimiento de esta prohibici\u00f3n podr\u00e1 constituir infracci\u00f3n sancionable por la legislaci\u00f3n vigente.<\/p>\n\n\n\n<p>Queda prohibido, salvo en los casos que expresamente lo autorice el Titular presentar este Sitio Web o la informaci\u00f3n contenida en ella bajo frames o marcos, signos distintivos, marcas o denominaciones sociales o comerciales de otra persona, empresa o entidad incluyendo de forma expresa el contenido fotogr\u00e1fico que se considera propiedad exclusiva del Titular.<\/p>\n\n\n\n<p>La infracci\u00f3n de cualquiera de los citados derechos puede constituir una vulneraci\u00f3n de las presentes condiciones, as\u00ed como un delito castigado de acuerdo con los art\u00edculos 270 y siguientes del C\u00f3digo Penal.<\/p>\n\n\n\n<p>Aquellos usuarios que env\u00eden al Sitio Web observaciones, opiniones o comentarios por medio del servicio de correo electr\u00f3nico o por cualquier otro medio, en los casos en los que por la naturaleza de los servicios ello sea posible, se entiende que autorizan al Titular para la reproducci\u00f3n, distribuci\u00f3n, comunicaci\u00f3n p\u00fablica, transformaci\u00f3n, y el ejercicio de cualquier otro derecho de explotaci\u00f3n, de tales observaciones, opiniones o comentarios, por todo el tiempo de protecci\u00f3n de derecho de autor que est\u00e9 previsto legalmente y sin limitaci\u00f3n territorial. Asimismo, se entiende que esta autorizaci\u00f3n se hace a t\u00edtulo gratuito.<\/p>\n\n\n\n<p>El Titular advierte que no podr\u00e1 ser considerado responsable por los comentarios o cualquier tipo de aportaci\u00f3n de terceros que se muestren en el propio sitio o en espacios ajenos enlazados, \u00e9stos no manifiestan en ning\u00fan caso la opini\u00f3n del Titular y queda reservada de forma exclusiva la posibilidad de eliminarlos si se consideran no correctos, o que act\u00faan contra los intereses propios o de terceros, seg\u00fan el criterio del Titular.<\/p>\n\n\n\n<p>El Titular no se hace responsable por la utilizaci\u00f3n que el Usuario realice de los Servicios del Sitio Web, as\u00ed como de cualquier material que \u00e9l mismo incluya en el presente Sitio Web, que puedan infringir los derechos de propiedad intelectual o industrial o cualquier otro derecho de terceros.<\/p>\n\n\n\n<h3 class=\"wp-block-heading\">12. Jurisdicci\u00f3n<\/h3>\n\n\n\n<p>Para cuantas cuestiones se susciten sobre la interpretaci\u00f3n, aplicaci\u00f3n y cumplimiento de este Aviso Legal, as\u00ed como de las reclamaciones que puedan derivarse de su uso, todas las partes intervinientes se someten a los Jueces y Tribunales que correspondan seg\u00fan su fuero.<\/p>","protected":false},"excerpt":{"rendered":"<p>1. Titularidad ahumadaconstrucciones.es es un dominio en Internet propiedad de AHUMADA CONSTRUCCIONES Y REHABILITACI\u00d3N, SL con NIF:\u00a0B72217516, con domicilio en Carretera de Trebujena, 2,1,11540 Sanl\u00facar de Barrameda (C\u00e1diz), en adelante el Titular. AHUMADA CONSTRUCCIONES Y REHABILITACI\u00d3N, SL, es una entidad especializada en el sector de la construcci\u00f3n. 2. Condiciones Generales de Usos Al acceder al [&hellip;]<\/p>\n","protected":false},"author":2,"featured_media":0,"parent":0,"menu_order":0,"comment_status":"closed","ping_status":"closed","template":"","meta":{"_et_pb_use_builder":"off","_et_pb_old_content":"","_et_gb_content_width":"","footnotes":""},"class_list":["post-2087","page","type-page","status-publish","hentry"],"yoast_head":"<!-- This site is optimized with the Yoast SEO plugin v27.1.1 - https:\/\/yoast.com\/product\/yoast-seo-wordpress\/ -->\n<title>AVISO LEGAL - Ahumada Construcciones<\/title>\n<meta name=\"robots\" content=\"noindex, nofollow\" \/>\n<meta property=\"og:locale\" content=\"en_GB\" \/>\n<meta property=\"og:type\" content=\"article\" \/>\n<meta property=\"og:title\" content=\"AVISO LEGAL - Ahumada Construcciones\" \/>\n<meta property=\"og:description\" content=\"1. Titularidad ahumadaconstrucciones.es es un dominio en Internet propiedad de AHUMADA CONSTRUCCIONES Y REHABILITACI\u00d3N, SL con NIF:\u00a0B72217516, con domicilio en Carretera de Trebujena, 2,1,11540 Sanl\u00facar de Barrameda (C\u00e1diz), en adelante el Titular. AHUMADA CONSTRUCCIONES Y REHABILITACI\u00d3N, SL, es una entidad especializada en el sector de la construcci\u00f3n. 2. Condiciones Generales de Usos Al acceder al [&hellip;]\" \/>\n<meta property=\"og:url\" content=\"https:\/\/ahumadaconstrucciones.es\/en\/aviso-legal\/\" \/>\n<meta property=\"og:site_name\" content=\"Ahumada Construcciones\" \/>\n<meta property=\"article:modified_time\" content=\"2024-03-04T09:24:29+00:00\" \/>\n<meta name=\"twitter:card\" content=\"summary_large_image\" \/>\n<meta name=\"twitter:label1\" content=\"Estimated reading time\" \/>\n\t<meta name=\"twitter:data1\" content=\"9 minutes\" \/>\n<script type=\"application\/ld+json\" class=\"yoast-schema-graph\">{\"@context\":\"https:\/\/schema.org\",\"@graph\":[{\"@type\":\"WebPage\",\"@id\":\"https:\/\/ahumadaconstrucciones.es\/aviso-legal\/\",\"url\":\"https:\/\/ahumadaconstrucciones.es\/aviso-legal\/\",\"name\":\"AVISO LEGAL - Ahumada Construcciones\",\"isPartOf\":{\"@id\":\"https:\/\/ahumadaconstrucciones.es\/#website\"},\"datePublished\":\"2024-03-04T09:01:25+00:00\",\"dateModified\":\"2024-03-04T09:24:29+00:00\",\"breadcrumb\":{\"@id\":\"https:\/\/ahumadaconstrucciones.es\/aviso-legal\/#breadcrumb\"},\"inLanguage\":\"en-GB\",\"potentialAction\":[{\"@type\":\"ReadAction\",\"target\":[\"https:\/\/ahumadaconstrucciones.es\/aviso-legal\/\"]}]},{\"@type\":\"BreadcrumbList\",\"@id\":\"https:\/\/ahumadaconstrucciones.es\/aviso-legal\/#breadcrumb\",\"itemListElement\":[{\"@type\":\"ListItem\",\"position\":1,\"name\":\"Portada\",\"item\":\"https:\/\/ahumadaconstrucciones.es\/\"},{\"@type\":\"ListItem\",\"position\":2,\"name\":\"AVISO LEGAL\"}]},{\"@type\":\"WebSite\",\"@id\":\"https:\/\/ahumadaconstrucciones.es\/#website\",\"url\":\"https:\/\/ahumadaconstrucciones.es\/\",\"name\":\"Ahumada Construcciones\",\"description\":\"Ahumada - Constructora en C\u00e1diz, Reformas de Viviendas y Negocios\",\"publisher\":{\"@id\":\"https:\/\/ahumadaconstrucciones.es\/#organization\"},\"potentialAction\":[{\"@type\":\"SearchAction\",\"target\":{\"@type\":\"EntryPoint\",\"urlTemplate\":\"https:\/\/ahumadaconstrucciones.es\/?s={search_term_string}\"},\"query-input\":{\"@type\":\"PropertyValueSpecification\",\"valueRequired\":true,\"valueName\":\"search_term_string\"}}],\"inLanguage\":\"en-GB\"},{\"@type\":\"Organization\",\"@id\":\"https:\/\/ahumadaconstrucciones.es\/#organization\",\"name\":\"Ahumada Construcciones\",\"url\":\"https:\/\/ahumadaconstrucciones.es\/\",\"logo\":{\"@type\":\"ImageObject\",\"inLanguage\":\"en-GB\",\"@id\":\"https:\/\/ahumadaconstrucciones.es\/#\/schema\/logo\/image\/\",\"url\":\"https:\/\/ahumadaconstrucciones.es\/wp-content\/uploads\/2023\/03\/MM.png\",\"contentUrl\":\"https:\/\/ahumadaconstrucciones.es\/wp-content\/uploads\/2023\/03\/MM.png\",\"width\":93,\"height\":65,\"caption\":\"Ahumada Construcciones\"},\"image\":{\"@id\":\"https:\/\/ahumadaconstrucciones.es\/#\/schema\/logo\/image\/\"},\"sameAs\":[\"https:\/\/www.instagram.com\/ahumadaconstrucciones\/\",\"https:\/\/www.linkedin.com\/company\/ahumadaconstrucciones\/\"]}]}<\/script>\n<!-- \/ Yoast SEO plugin. -->","yoast_head_json":{"title":"AVISO LEGAL - Ahumada Construcciones","robots":{"index":"noindex","follow":"nofollow"},"og_locale":"en_GB","og_type":"article","og_title":"AVISO LEGAL - Ahumada Construcciones","og_description":"1. Titularidad ahumadaconstrucciones.es es un dominio en Internet propiedad de AHUMADA CONSTRUCCIONES Y REHABILITACI\u00d3N, SL con NIF:\u00a0B72217516, con domicilio en Carretera de Trebujena, 2,1,11540 Sanl\u00facar de Barrameda (C\u00e1diz), en adelante el Titular. AHUMADA CONSTRUCCIONES Y REHABILITACI\u00d3N, SL, es una entidad especializada en el sector de la construcci\u00f3n. 2. Condiciones Generales de Usos Al acceder al [&hellip;]","og_url":"https:\/\/ahumadaconstrucciones.es\/en\/aviso-legal\/","og_site_name":"Ahumada Construcciones","article_modified_time":"2024-03-04T09:24:29+00:00","twitter_card":"summary_large_image","twitter_misc":{"Estimated reading time":"9 minutes"},"schema":{"@context":"https:\/\/schema.org","@graph":[{"@type":"WebPage","@id":"https:\/\/ahumadaconstrucciones.es\/aviso-legal\/","url":"https:\/\/ahumadaconstrucciones.es\/aviso-legal\/","name":"AVISO LEGAL - Ahumada Construcciones","isPartOf":{"@id":"https:\/\/ahumadaconstrucciones.es\/#website"},"datePublished":"2024-03-04T09:01:25+00:00","dateModified":"2024-03-04T09:24:29+00:00","breadcrumb":{"@id":"https:\/\/ahumadaconstrucciones.es\/aviso-legal\/#breadcrumb"},"inLanguage":"en-GB","potentialAction":[{"@type":"ReadAction","target":["https:\/\/ahumadaconstrucciones.es\/aviso-legal\/"]}]},{"@type":"BreadcrumbList","@id":"https:\/\/ahumadaconstrucciones.es\/aviso-legal\/#breadcrumb","itemListElement":[{"@type":"ListItem","position":1,"name":"Portada","item":"https:\/\/ahumadaconstrucciones.es\/"},{"@type":"ListItem","position":2,"name":"AVISO LEGAL"}]},{"@type":"WebSite","@id":"https:\/\/ahumadaconstrucciones.es\/#website","url":"https:\/\/ahumadaconstrucciones.es\/","name":"Ahumada Construcciones","description":"Ahumada - Constructora en C\u00e1diz, Reformas de Viviendas y Negocios","publisher":{"@id":"https:\/\/ahumadaconstrucciones.es\/#organization"},"potentialAction":[{"@type":"SearchAction","target":{"@type":"EntryPoint","urlTemplate":"https:\/\/ahumadaconstrucciones.es\/?s={search_term_string}"},"query-input":{"@type":"PropertyValueSpecification","valueRequired":true,"valueName":"search_term_string"}}],"inLanguage":"en-GB"},{"@type":"Organization","@id":"https:\/\/ahumadaconstrucciones.es\/#organization","name":"Ahumada Construcciones","url":"https:\/\/ahumadaconstrucciones.es\/","logo":{"@type":"ImageObject","inLanguage":"en-GB","@id":"https:\/\/ahumadaconstrucciones.es\/#\/schema\/logo\/image\/","url":"https:\/\/ahumadaconstrucciones.es\/wp-content\/uploads\/2023\/03\/MM.png","contentUrl":"https:\/\/ahumadaconstrucciones.es\/wp-content\/uploads\/2023\/03\/MM.png","width":93,"height":65,"caption":"Ahumada Construcciones"},"image":{"@id":"https:\/\/ahumadaconstrucciones.es\/#\/schema\/logo\/image\/"},"sameAs":["https:\/\/www.instagram.com\/ahumadaconstrucciones\/","https:\/\/www.linkedin.com\/company\/ahumadaconstrucciones\/"]}]}},"_links":{"self":[{"href":"https:\/\/ahumadaconstrucciones.es\/en\/wp-json\/wp\/v2\/pages\/2087","targetHints":{"allow":["GET"]}}],"collection":[{"href":"https:\/\/ahumadaconstrucciones.es\/en\/wp-json\/wp\/v2\/pages"}],"about":[{"href":"https:\/\/ahumadaconstrucciones.es\/en\/wp-json\/wp\/v2\/types\/page"}],"author":[{"embeddable":true,"href":"https:\/\/ahumadaconstrucciones.es\/en\/wp-json\/wp\/v2\/users\/2"}],"replies":[{"embeddable":true,"href":"https:\/\/ahumadaconstrucciones.es\/en\/wp-json\/wp\/v2\/comments?post=2087"}],"version-history":[{"count":1,"href":"https:\/\/ahumadaconstrucciones.es\/en\/wp-json\/wp\/v2\/pages\/2087\/revisions"}],"predecessor-version":[{"id":2088,"href":"https:\/\/ahumadaconstrucciones.es\/en\/wp-json\/wp\/v2\/pages\/2087\/revisions\/2088"}],"wp:attachment":[{"href":"https:\/\/ahumadaconstrucciones.es\/en\/wp-json\/wp\/v2\/media?parent=2087"}],"curies":[{"name":"wp","href":"https:\/\/api.w.org\/{rel}","templated":true}]}}