{"id":3,"date":"2023-02-14T11:45:17","date_gmt":"2023-02-14T11:45:17","guid":{"rendered":"https:\/\/ahumadaconstrucciones.es\/?page_id=3"},"modified":"2024-03-04T08:46:27","modified_gmt":"2024-03-04T08:46:27","slug":"politica-privacidad","status":"publish","type":"page","link":"https:\/\/ahumadaconstrucciones.es\/en\/politica-privacidad\/","title":{"rendered":"Pol\u00edtica de privacidad"},"content":{"rendered":"<p>El Titular se compromete a cumplir con la normativa en materia de Protecci\u00f3n de Datos de car\u00e1cter personal y a respetar la privacidad de los Usuarios. El objetivo es ofrecer el mejor servicio al Usuario y para ello es necesario contar con sus datos.<\/p>\n\n\n\n<h3 class=\"wp-block-heading\">1. Responsable del Tratamiento<\/h3>\n\n\n\n<p>NIF: B72217516<\/p>\n\n\n\n<p>Domicilio. Carretera de Trebujena, 2,1,11540 Sanl\u00facar de Barrameda, C\u00e1diz <\/p>\n\n\n\n<p>Tel\u00e9fono: 956 11 60 11 <\/p>\n\n\n\n<h3 class=\"wp-block-heading\">2. Finalidades<\/h3>\n\n\n\n<p>Atenci\u00f3n de consultas: Atender las consultas del Usuario que se ponga en contacto a trav\u00e9s de los Formularios.<\/p>\n\n\n\n<p>Datos de navegaci\u00f3n: Datos recogidos por las cookies propias o de terceros que puedan ser generadas por este Sitio Web y de las que se informa de forma espec\u00edfica en la Pol\u00edtica de Cookies.<\/p>\n\n\n\n<p>Comunicaciones comerciales: Para el Usuario que voluntariamente acepte esta opci\u00f3n, se le remitir\u00e1n promociones, publicidad, ofertas, noticias, invitaci\u00f3n a eventos y cualquier tipo de informaci\u00f3n comercial del Titular.<\/p>\n\n\n\n<p>En todo caso el Usuario puede posteriormente en cualquier momento oponerse a la recepci\u00f3n de publicidad enviando email a <a href=\"mailto:info@ahumadaconstrucciones.es\" target=\"_blank\" rel=\"noreferrer noopener\">info@ahumadaconstrucciones.es<\/a>\u00a0desde la misma cuenta en la que se reciban las comunicaciones.<\/p>\n\n\n\n<h3 class=\"wp-block-heading\">3. Legitimaci\u00f3n y conservaci\u00f3n<\/h3>\n\n\n\n<p>Base jur\u00eddica del tratamiento: Consentimiento otorgado por el Usuario facilitando sus datos de forma voluntaria y aceptando la Pol\u00edtica de Privacidad.<\/p>\n\n\n\n<p>En caso de no facilitar los datos necesarios para estas finalidades no ser\u00e1 posible prestarle los servicios. Los datos se conservar\u00e1n mientras se mantenga le relaci\u00f3n y no se solicite su supresi\u00f3n y en cualquier caso en cumplimiento de plazos legales de prescripci\u00f3n que le resulten de aplicaci\u00f3n.<\/p>\n\n\n\n<h3 class=\"wp-block-heading\">4. Cesiones<\/h3>\n\n\n\n<p>No se tienen previstas cesiones de los datos recabados a trav\u00e9s de este Sitio Web, salvo que expresamente se indique, en su caso, en el texto informativo correspondiente. En el caso de que se indiquen posibles cesiones de datos a otras empresas del grupo, entidades colaboradoras o terceros, las mismas solo tendr\u00e1n lugar en el supuesto de que el Usuario las consienta expresamente.<\/p>\n\n\n\n<h3 class=\"wp-block-heading\">5. Derechos de los interesados<\/h3>\n\n\n\n<p>Los Usuarios pueden ejercitar sus derechos de acceso, rectificaci\u00f3n, supresi\u00f3n, portabilidad y la limitaci\u00f3n u oposici\u00f3n enviando solicitud por email con asunto \u201cEjercicio de Derechos\u201d, a\u00a0<a href=\"mailto:info@ahumadaconstrucciones.es\" target=\"_blank\" rel=\"noreferrer noopener\">info@ahumadaconstrucciones.es<\/a>, desde la misma cuenta de email que facilit\u00f3. Los Usuarios tienen derecho a retirar el consentimiento prestado y tienen derecho a reclamar ante la Autoridad de Control (Agencia Espa\u00f1ola de Protecci\u00f3n de Datos\u00a0<a href=\"http:\/\/www.aepd.es\/\">www.aepd.es<\/a>).<\/p>\n\n\n\n<h3 class=\"wp-block-heading\">6. Campos de texto libre<\/h3>\n\n\n\n<p>Los campos de texto libre que, a disposici\u00f3n del Usuario, puedan aparecer en los formularios del Sitio Web tienen como \u00fanica y exclusiva finalidad el recabar informaci\u00f3n para mejorar la calidad de los Servicios.<\/p>\n\n\n\n<p>El Usuario no incluir\u00e1, en aquellos espacios que el Sitio Web pueda ofertar como \u00abcampos de texto libre\u00bb, ning\u00fan dato de car\u00e1cter personal que pueda ser calificado dentro de aquellos datos para los que se exige un nivel de protecci\u00f3n especial, entendi\u00e9ndose como tales datos, a t\u00edtulo enunciativo y no limitativo, los relativos a situaci\u00f3n econ\u00f3mico-financiera, perfiles psicol\u00f3gicos, ideolog\u00eda, religi\u00f3n, creencias, afiliaci\u00f3n sindical, salud, origen racial y\/o vida sexual.<\/p>\n\n\n\n<h3 class=\"wp-block-heading\">7. Campos no obligatorios<\/h3>\n\n\n\n<p>El Titular comunica al Usuario el car\u00e1cter no obligatorio de la recogida de algunos datos, salvo en los campos que se indique lo contrario mediante un (*). No obstante, la no cumplimentaci\u00f3n de dichos datos podr\u00e1 impedir prestar todos aquellos Servicios vinculados a tales datos, liber\u00e1ndole de toda responsabilidad por la no prestaci\u00f3n o prestaci\u00f3n incompleta de estos Servicios.<\/p>\n\n\n\n<h3 class=\"wp-block-heading\">8. Acceso y rectificaci\u00f3n de los datos personales<\/h3>\n\n\n\n<p>El Usuario se compromete a proporcionar informaci\u00f3n cierta en relaci\u00f3n con sus datos personales, y mantener los datos facilitados al Titular siempre actualizados. El Usuario responder\u00e1, en cualquier caso, de la veracidad de los datos facilitados, reserv\u00e1ndose el Titular el derecho de excluir de los servicios a todo Usuario que haya facilitado datos falsos, sin perjuicio de las dem\u00e1s acciones que procedan en Derecho. Los datos facilitados por el Usuario se presumir\u00e1n correctos, por lo que, en caso de env\u00edo err\u00f3neo de sus datos por parte del Usuario, el Titular, declina cualquier responsabilidad en caso de la incorrecta ejecuci\u00f3n o no ejecuci\u00f3n del env\u00edo, as\u00ed como el incorrecto cumplimiento de los tr\u00e1mites administrativos necesarios.<\/p>\n\n\n\n<h3 class=\"wp-block-heading\">9. Comunicaci\u00f3n de datos personales<\/h3>\n\n\n\n<p>En relaci\u00f3n a la gesti\u00f3n de los servicios, los datos de los Usuarios podr\u00e1n ser tratados por empresas que presten al Titular diversos servicios, entre otros, de env\u00edo, mensajer\u00eda, contabilidad, asesor\u00eda, mantenimiento inform\u00e1tico, o cualquier otro que por su condici\u00f3n de Encargada del Tratamiento sea indispensable o inevitable que accedan o traten estos datos. Este tratamiento no ser\u00e1 considerado en ning\u00fan caso una cesi\u00f3n de datos.<\/p>\n\n\n\n<p>El Titular no ceder\u00e1 sus datos a terceras personas en ning\u00fan caso.<\/p>\n\n\n\n<h3 class=\"wp-block-heading\">10. Confidencialidad<\/h3>\n\n\n\n<p>Adem\u00e1s, tambi\u00e9n tendr\u00e1 la condici\u00f3n de confidencial la informaci\u00f3n de cualquier tipo que las partes intercambien entre s\u00ed, aquella que \u00e9stas acuerden que tiene tal naturaleza, o la que simplemente verse sobre el contenido de dicha informaci\u00f3n. La visualizaci\u00f3n de datos a trav\u00e9s de Internet, no supondr\u00e1 el acceso directo a los mismos, salvo consentimiento expreso de su titular para cada ocasi\u00f3n.<\/p>\n\n\n\n<h3 class=\"wp-block-heading\">11. Fotograf\u00edas<\/h3>\n\n\n\n<p>En cumplimiento de lo establecido en la actual normativa de Protecci\u00f3n de Datos de Car\u00e1cter Personal se informa que las fotograf\u00edas en las que aparezcan personas tienen consideraci\u00f3n de dato de car\u00e1cter personal. Con esta comunicaci\u00f3n se informa que en este Sitio Web pueden aparecer fotograf\u00edas de personas con motivos de promoci\u00f3n y que voluntariamente han accedido a ello. Si en alg\u00fan caso, cualquier persona que aparezca en ellas desea que no se muestre alguna fotograf\u00eda, rogamos se pongan en contacto y se proceder\u00e1 a su retirada a la mayor brevedad posible. No ser\u00e1 v\u00e1lido para las personas que han prestado un servicio de forma profesional.<\/p>","protected":false},"excerpt":{"rendered":"<p>El Titular se compromete a cumplir con la normativa en materia de Protecci\u00f3n de Datos de car\u00e1cter personal y a respetar la privacidad de los Usuarios. El objetivo es ofrecer el mejor servicio al Usuario y para ello es necesario contar con sus datos. 1. Responsable del Tratamiento NIF: B72217516 Domicilio. Carretera de Trebujena, 2,1,11540 [&hellip;]<\/p>\n","protected":false},"author":2,"featured_media":0,"parent":0,"menu_order":0,"comment_status":"closed","ping_status":"open","template":"","meta":{"_et_pb_use_builder":"","_et_pb_old_content":"","_et_gb_content_width":"","footnotes":""},"class_list":["post-3","page","type-page","status-publish","hentry"],"yoast_head":"<!-- This site is optimized with the Yoast SEO plugin v27.1.1 - https:\/\/yoast.com\/product\/yoast-seo-wordpress\/ -->\n<title>Pol\u00edtica de privacidad - Ahumada Construcciones<\/title>\n<meta name=\"robots\" content=\"noindex, nofollow\" \/>\n<meta property=\"og:locale\" content=\"en_GB\" \/>\n<meta property=\"og:type\" content=\"article\" \/>\n<meta property=\"og:title\" content=\"Pol\u00edtica de privacidad - Ahumada Construcciones\" \/>\n<meta property=\"og:description\" content=\"El Titular se compromete a cumplir con la normativa en materia de Protecci\u00f3n de Datos de car\u00e1cter personal y a respetar la privacidad de los Usuarios. El objetivo es ofrecer el mejor servicio al Usuario y para ello es necesario contar con sus datos. 1. Responsable del Tratamiento NIF: B72217516 Domicilio. Carretera de Trebujena, 2,1,11540 [&hellip;]\" \/>\n<meta property=\"og:url\" content=\"https:\/\/ahumadaconstrucciones.es\/en\/politica-privacidad\/\" \/>\n<meta property=\"og:site_name\" content=\"Ahumada Construcciones\" \/>\n<meta property=\"article:modified_time\" content=\"2024-03-04T08:46:27+00:00\" \/>\n<meta name=\"twitter:card\" content=\"summary_large_image\" \/>\n<meta name=\"twitter:label1\" content=\"Estimated reading time\" \/>\n\t<meta name=\"twitter:data1\" content=\"5 minutes\" \/>\n<script type=\"application\/ld+json\" class=\"yoast-schema-graph\">{\"@context\":\"https:\/\/schema.org\",\"@graph\":[{\"@type\":\"WebPage\",\"@id\":\"https:\/\/ahumadaconstrucciones.es\/politica-privacidad\/\",\"url\":\"https:\/\/ahumadaconstrucciones.es\/politica-privacidad\/\",\"name\":\"Pol\u00edtica de privacidad - Ahumada Construcciones\",\"isPartOf\":{\"@id\":\"https:\/\/ahumadaconstrucciones.es\/#website\"},\"datePublished\":\"2023-02-14T11:45:17+00:00\",\"dateModified\":\"2024-03-04T08:46:27+00:00\",\"breadcrumb\":{\"@id\":\"https:\/\/ahumadaconstrucciones.es\/politica-privacidad\/#breadcrumb\"},\"inLanguage\":\"en-GB\",\"potentialAction\":[{\"@type\":\"ReadAction\",\"target\":[\"https:\/\/ahumadaconstrucciones.es\/politica-privacidad\/\"]}]},{\"@type\":\"BreadcrumbList\",\"@id\":\"https:\/\/ahumadaconstrucciones.es\/politica-privacidad\/#breadcrumb\",\"itemListElement\":[{\"@type\":\"ListItem\",\"position\":1,\"name\":\"Portada\",\"item\":\"https:\/\/ahumadaconstrucciones.es\/\"},{\"@type\":\"ListItem\",\"position\":2,\"name\":\"Pol\u00edtica de privacidad\"}]},{\"@type\":\"WebSite\",\"@id\":\"https:\/\/ahumadaconstrucciones.es\/#website\",\"url\":\"https:\/\/ahumadaconstrucciones.es\/\",\"name\":\"Ahumada Construcciones\",\"description\":\"Ahumada - Constructora en C\u00e1diz, Reformas de Viviendas y Negocios\",\"publisher\":{\"@id\":\"https:\/\/ahumadaconstrucciones.es\/#organization\"},\"potentialAction\":[{\"@type\":\"SearchAction\",\"target\":{\"@type\":\"EntryPoint\",\"urlTemplate\":\"https:\/\/ahumadaconstrucciones.es\/?s={search_term_string}\"},\"query-input\":{\"@type\":\"PropertyValueSpecification\",\"valueRequired\":true,\"valueName\":\"search_term_string\"}}],\"inLanguage\":\"en-GB\"},{\"@type\":\"Organization\",\"@id\":\"https:\/\/ahumadaconstrucciones.es\/#organization\",\"name\":\"Ahumada Construcciones\",\"url\":\"https:\/\/ahumadaconstrucciones.es\/\",\"logo\":{\"@type\":\"ImageObject\",\"inLanguage\":\"en-GB\",\"@id\":\"https:\/\/ahumadaconstrucciones.es\/#\/schema\/logo\/image\/\",\"url\":\"https:\/\/ahumadaconstrucciones.es\/wp-content\/uploads\/2023\/03\/MM.png\",\"contentUrl\":\"https:\/\/ahumadaconstrucciones.es\/wp-content\/uploads\/2023\/03\/MM.png\",\"width\":93,\"height\":65,\"caption\":\"Ahumada Construcciones\"},\"image\":{\"@id\":\"https:\/\/ahumadaconstrucciones.es\/#\/schema\/logo\/image\/\"},\"sameAs\":[\"https:\/\/www.instagram.com\/ahumadaconstrucciones\/\",\"https:\/\/www.linkedin.com\/company\/ahumadaconstrucciones\/\"]}]}<\/script>\n<!-- \/ Yoast SEO plugin. -->","yoast_head_json":{"title":"Pol\u00edtica de privacidad - Ahumada Construcciones","robots":{"index":"noindex","follow":"nofollow"},"og_locale":"en_GB","og_type":"article","og_title":"Pol\u00edtica de privacidad - Ahumada Construcciones","og_description":"El Titular se compromete a cumplir con la normativa en materia de Protecci\u00f3n de Datos de car\u00e1cter personal y a respetar la privacidad de los Usuarios. El objetivo es ofrecer el mejor servicio al Usuario y para ello es necesario contar con sus datos. 1. Responsable del Tratamiento NIF: B72217516 Domicilio. Carretera de Trebujena, 2,1,11540 [&hellip;]","og_url":"https:\/\/ahumadaconstrucciones.es\/en\/politica-privacidad\/","og_site_name":"Ahumada Construcciones","article_modified_time":"2024-03-04T08:46:27+00:00","twitter_card":"summary_large_image","twitter_misc":{"Estimated reading time":"5 minutes"},"schema":{"@context":"https:\/\/schema.org","@graph":[{"@type":"WebPage","@id":"https:\/\/ahumadaconstrucciones.es\/politica-privacidad\/","url":"https:\/\/ahumadaconstrucciones.es\/politica-privacidad\/","name":"Pol\u00edtica de privacidad - Ahumada Construcciones","isPartOf":{"@id":"https:\/\/ahumadaconstrucciones.es\/#website"},"datePublished":"2023-02-14T11:45:17+00:00","dateModified":"2024-03-04T08:46:27+00:00","breadcrumb":{"@id":"https:\/\/ahumadaconstrucciones.es\/politica-privacidad\/#breadcrumb"},"inLanguage":"en-GB","potentialAction":[{"@type":"ReadAction","target":["https:\/\/ahumadaconstrucciones.es\/politica-privacidad\/"]}]},{"@type":"BreadcrumbList","@id":"https:\/\/ahumadaconstrucciones.es\/politica-privacidad\/#breadcrumb","itemListElement":[{"@type":"ListItem","position":1,"name":"Portada","item":"https:\/\/ahumadaconstrucciones.es\/"},{"@type":"ListItem","position":2,"name":"Pol\u00edtica de privacidad"}]},{"@type":"WebSite","@id":"https:\/\/ahumadaconstrucciones.es\/#website","url":"https:\/\/ahumadaconstrucciones.es\/","name":"Ahumada Construcciones","description":"Ahumada - Constructora en C\u00e1diz, Reformas de Viviendas y Negocios","publisher":{"@id":"https:\/\/ahumadaconstrucciones.es\/#organization"},"potentialAction":[{"@type":"SearchAction","target":{"@type":"EntryPoint","urlTemplate":"https:\/\/ahumadaconstrucciones.es\/?s={search_term_string}"},"query-input":{"@type":"PropertyValueSpecification","valueRequired":true,"valueName":"search_term_string"}}],"inLanguage":"en-GB"},{"@type":"Organization","@id":"https:\/\/ahumadaconstrucciones.es\/#organization","name":"Ahumada Construcciones","url":"https:\/\/ahumadaconstrucciones.es\/","logo":{"@type":"ImageObject","inLanguage":"en-GB","@id":"https:\/\/ahumadaconstrucciones.es\/#\/schema\/logo\/image\/","url":"https:\/\/ahumadaconstrucciones.es\/wp-content\/uploads\/2023\/03\/MM.png","contentUrl":"https:\/\/ahumadaconstrucciones.es\/wp-content\/uploads\/2023\/03\/MM.png","width":93,"height":65,"caption":"Ahumada Construcciones"},"image":{"@id":"https:\/\/ahumadaconstrucciones.es\/#\/schema\/logo\/image\/"},"sameAs":["https:\/\/www.instagram.com\/ahumadaconstrucciones\/","https:\/\/www.linkedin.com\/company\/ahumadaconstrucciones\/"]}]}},"_links":{"self":[{"href":"https:\/\/ahumadaconstrucciones.es\/en\/wp-json\/wp\/v2\/pages\/3","targetHints":{"allow":["GET"]}}],"collection":[{"href":"https:\/\/ahumadaconstrucciones.es\/en\/wp-json\/wp\/v2\/pages"}],"about":[{"href":"https:\/\/ahumadaconstrucciones.es\/en\/wp-json\/wp\/v2\/types\/page"}],"author":[{"embeddable":true,"href":"https:\/\/ahumadaconstrucciones.es\/en\/wp-json\/wp\/v2\/users\/2"}],"replies":[{"embeddable":true,"href":"https:\/\/ahumadaconstrucciones.es\/en\/wp-json\/wp\/v2\/comments?post=3"}],"version-history":[{"count":1,"href":"https:\/\/ahumadaconstrucciones.es\/en\/wp-json\/wp\/v2\/pages\/3\/revisions"}],"predecessor-version":[{"id":2084,"href":"https:\/\/ahumadaconstrucciones.es\/en\/wp-json\/wp\/v2\/pages\/3\/revisions\/2084"}],"wp:attachment":[{"href":"https:\/\/ahumadaconstrucciones.es\/en\/wp-json\/wp\/v2\/media?parent=3"}],"curies":[{"name":"wp","href":"https:\/\/api.w.org\/{rel}","templated":true}]}}